{"id":8842,"date":"2022-12-03T12:14:18","date_gmt":"2022-12-03T11:14:18","guid":{"rendered":"https:\/\/aupontdelill.com\/?post_type=product&#038;p=8842"},"modified":"2024-08-28T09:34:07","modified_gmt":"2024-08-28T07:34:07","slug":"coffret-cadeau-hotel-restaurant","status":"publish","type":"product","link":"https:\/\/aupontdelill.com\/en\/produit\/coffret-cadeau-hotel-restaurant\/","title":{"rendered":"Coffret cadeau H\u00f4tel &#038; Restaurant"},"content":{"rendered":"<h3 class=\"elementor-heading-title elementor-size-default\">&#8220;Parenth\u00e8se Au bord de l&#8217;Ill&#8221;<\/h3>\n<p>&nbsp;<\/p>\n<p>Nous vous proposons pour 1 ou 2 personnes, ce coffret cadeau, contenant :<\/p>\n<ul>\n<li>Une nuit \u00e0 l&#8217;h\u00f4tel Au Petit Pont en chambre double<\/li>\n<li>Petit d\u00e9jeuner<\/li>\n<li>Repas en 4 actes\n<ul>\n<li>avec ou sans boissons<\/li>\n<\/ul>\n<\/li>\n<\/ul>\n","protected":false},"excerpt":{"rendered":"<p>&#8220;Parenth\u00e8se Au bord de l&#8217;Ill&#8221; &nbsp; Nous vous proposons pour 1 ou 2 personnes, ce coffret cadeau, contenant : Une nuit \u00e0 l&#8217;h\u00f4tel Au Petit Pont en chambre double Petit d\u00e9jeuner Repas en 4 actes avec ou sans boissons<\/p>\n","protected":false},"featured_media":98,"template":"","meta":{"_acf_changed":false},"product_brand":[],"product_cat":[128,63],"product_tag":[],"class_list":{"0":"post-8842","1":"product","2":"type-product","3":"status-publish","4":"has-post-thumbnail","6":"product_cat-coffret-cadeau","7":"product_cat-offrir","9":"first","10":"instock","11":"purchasable","12":"product-type-variable"},"acf":[],"_links":{"self":[{"href":"https:\/\/aupontdelill.com\/en\/wp-json\/wp\/v2\/product\/8842","targetHints":{"allow":["GET"]}}],"collection":[{"href":"https:\/\/aupontdelill.com\/en\/wp-json\/wp\/v2\/product"}],"about":[{"href":"https:\/\/aupontdelill.com\/en\/wp-json\/wp\/v2\/types\/product"}],"wp:featuredmedia":[{"embeddable":true,"href":"https:\/\/aupontdelill.com\/en\/wp-json\/wp\/v2\/media\/98"}],"wp:attachment":[{"href":"https:\/\/aupontdelill.com\/en\/wp-json\/wp\/v2\/media?parent=8842"}],"wp:term":[{"taxonomy":"product_brand","embeddable":true,"href":"https:\/\/aupontdelill.com\/en\/wp-json\/wp\/v2\/product_brand?post=8842"},{"taxonomy":"product_cat","embeddable":true,"href":"https:\/\/aupontdelill.com\/en\/wp-json\/wp\/v2\/product_cat?post=8842"},{"taxonomy":"product_tag","embeddable":true,"href":"https:\/\/aupontdelill.com\/en\/wp-json\/wp\/v2\/product_tag?post=8842"}],"curies":[{"name":"wp","href":"https:\/\/api.w.org\/{rel}","templated":true}]}}