{"id":2383,"date":"2020-12-09T17:26:32","date_gmt":"2020-12-09T16:26:32","guid":{"rendered":"https:\/\/aupontdelill.com\/?post_type=product&#038;p=2383"},"modified":"2025-12-30T20:50:02","modified_gmt":"2025-12-30T19:50:02","slug":"poussin-facon-grand-mere-galette-de-pommes-de-terre-et-legumes","status":"publish","type":"product","link":"https:\/\/aupontdelill.com\/en\/produit\/poussin-facon-grand-mere-galette-de-pommes-de-terre-et-legumes\/","title":{"rendered":"Poussin fa\u00e7on Grand-M\u00e8re, galette de pommes de terre et l\u00e9gumes"},"content":{"rendered":"","protected":false},"excerpt":{"rendered":"","protected":false},"featured_media":325,"template":"","meta":{"_acf_changed":false},"product_brand":[],"product_cat":[29,27],"product_tag":[],"class_list":{"0":"post-2383","1":"product","2":"type-product","3":"status-publish","4":"has-post-thumbnail","6":"product_cat-plats-chauds","7":"product_cat-produits-traiteur","9":"first","10":"instock","11":"taxable","12":"shipping-taxable","13":"purchasable","14":"product-type-simple"},"acf":[],"_links":{"self":[{"href":"https:\/\/aupontdelill.com\/en\/wp-json\/wp\/v2\/product\/2383","targetHints":{"allow":["GET"]}}],"collection":[{"href":"https:\/\/aupontdelill.com\/en\/wp-json\/wp\/v2\/product"}],"about":[{"href":"https:\/\/aupontdelill.com\/en\/wp-json\/wp\/v2\/types\/product"}],"wp:featuredmedia":[{"embeddable":true,"href":"https:\/\/aupontdelill.com\/en\/wp-json\/wp\/v2\/media\/325"}],"wp:attachment":[{"href":"https:\/\/aupontdelill.com\/en\/wp-json\/wp\/v2\/media?parent=2383"}],"wp:term":[{"taxonomy":"product_brand","embeddable":true,"href":"https:\/\/aupontdelill.com\/en\/wp-json\/wp\/v2\/product_brand?post=2383"},{"taxonomy":"product_cat","embeddable":true,"href":"https:\/\/aupontdelill.com\/en\/wp-json\/wp\/v2\/product_cat?post=2383"},{"taxonomy":"product_tag","embeddable":true,"href":"https:\/\/aupontdelill.com\/en\/wp-json\/wp\/v2\/product_tag?post=2383"}],"curies":[{"name":"wp","href":"https:\/\/api.w.org\/{rel}","templated":true}]}}