{"id":207,"date":"2020-04-09T16:27:15","date_gmt":"2020-04-09T14:27:15","guid":{"rendered":"https:\/\/demo1.gclicke.com\/?post_type=product&#038;p=207"},"modified":"2025-12-30T20:50:03","modified_gmt":"2025-12-30T19:50:03","slug":"filet-de-daurade-grille-a-la-plancha-fondue-depinards-sauce-beurre-blanc","status":"publish","type":"product","link":"https:\/\/aupontdelill.com\/en\/produit\/filet-de-daurade-grille-a-la-plancha-fondue-depinards-sauce-beurre-blanc\/","title":{"rendered":"Filet de daurade grill\u00e9 \u00e0 la plancha, fondue d&#8217;\u00e9pinards, sauce beurre blanc"},"content":{"rendered":"","protected":false},"excerpt":{"rendered":"","protected":false},"featured_media":325,"template":"","meta":{"_acf_changed":false},"product_brand":[],"product_cat":[29,27],"product_tag":[51,50],"class_list":{"0":"post-207","1":"product","2":"type-product","3":"status-publish","4":"has-post-thumbnail","6":"product_cat-plats-chauds","7":"product_cat-produits-traiteur","8":"product_tag-gambas","9":"product_tag-poisson","11":"first","12":"instock","13":"taxable","14":"shipping-taxable","15":"purchasable","16":"product-type-simple"},"acf":[],"_links":{"self":[{"href":"https:\/\/aupontdelill.com\/en\/wp-json\/wp\/v2\/product\/207","targetHints":{"allow":["GET"]}}],"collection":[{"href":"https:\/\/aupontdelill.com\/en\/wp-json\/wp\/v2\/product"}],"about":[{"href":"https:\/\/aupontdelill.com\/en\/wp-json\/wp\/v2\/types\/product"}],"wp:featuredmedia":[{"embeddable":true,"href":"https:\/\/aupontdelill.com\/en\/wp-json\/wp\/v2\/media\/325"}],"wp:attachment":[{"href":"https:\/\/aupontdelill.com\/en\/wp-json\/wp\/v2\/media?parent=207"}],"wp:term":[{"taxonomy":"product_brand","embeddable":true,"href":"https:\/\/aupontdelill.com\/en\/wp-json\/wp\/v2\/product_brand?post=207"},{"taxonomy":"product_cat","embeddable":true,"href":"https:\/\/aupontdelill.com\/en\/wp-json\/wp\/v2\/product_cat?post=207"},{"taxonomy":"product_tag","embeddable":true,"href":"https:\/\/aupontdelill.com\/en\/wp-json\/wp\/v2\/product_tag?post=207"}],"curies":[{"name":"wp","href":"https:\/\/api.w.org\/{rel}","templated":true}]}}