{"id":199,"date":"2020-04-09T16:20:37","date_gmt":"2020-04-09T14:20:37","guid":{"rendered":"https:\/\/demo1.gclicke.com\/?post_type=product&#038;p=199"},"modified":"2025-12-30T20:50:03","modified_gmt":"2025-12-30T19:50:03","slug":"amande-piece","status":"publish","type":"product","link":"https:\/\/aupontdelill.com\/en\/produit\/amande-piece\/","title":{"rendered":"Amande (pi\u00e8ce)"},"content":{"rendered":"<p>prix \u00e0 la pi\u00e8ce<\/p>\n<div id=\"gtx-trans\">\n<div class=\"gtx-trans-icon\"><\/div>\n<\/div>\n","protected":false},"excerpt":{"rendered":"<p>prix \u00e0 la pi\u00e8ce<\/p>\n","protected":false},"featured_media":325,"template":"","meta":{"_acf_changed":false},"product_brand":[],"product_cat":[26],"product_tag":[43],"class_list":{"0":"post-199","1":"product","2":"type-product","3":"status-publish","4":"has-post-thumbnail","6":"product_cat-a-composer","7":"product_tag-amande","9":"first","10":"instock","11":"taxable","12":"shipping-taxable","13":"purchasable","14":"product-type-simple"},"acf":[],"_links":{"self":[{"href":"https:\/\/aupontdelill.com\/en\/wp-json\/wp\/v2\/product\/199","targetHints":{"allow":["GET"]}}],"collection":[{"href":"https:\/\/aupontdelill.com\/en\/wp-json\/wp\/v2\/product"}],"about":[{"href":"https:\/\/aupontdelill.com\/en\/wp-json\/wp\/v2\/types\/product"}],"wp:featuredmedia":[{"embeddable":true,"href":"https:\/\/aupontdelill.com\/en\/wp-json\/wp\/v2\/media\/325"}],"wp:attachment":[{"href":"https:\/\/aupontdelill.com\/en\/wp-json\/wp\/v2\/media?parent=199"}],"wp:term":[{"taxonomy":"product_brand","embeddable":true,"href":"https:\/\/aupontdelill.com\/en\/wp-json\/wp\/v2\/product_brand?post=199"},{"taxonomy":"product_cat","embeddable":true,"href":"https:\/\/aupontdelill.com\/en\/wp-json\/wp\/v2\/product_cat?post=199"},{"taxonomy":"product_tag","embeddable":true,"href":"https:\/\/aupontdelill.com\/en\/wp-json\/wp\/v2\/product_tag?post=199"}],"curies":[{"name":"wp","href":"https:\/\/api.w.org\/{rel}","templated":true}]}}