{"id":343,"date":"2020-04-09T20:11:06","date_gmt":"2020-04-09T18:11:06","guid":{"rendered":"https:\/\/demo1.gclicke.com\/?post_type=product&#038;p=343"},"modified":"2024-08-28T09:34:15","modified_gmt":"2024-08-28T07:34:15","slug":"formule-tentation","status":"publish","type":"product","link":"https:\/\/aupontdelill.com\/de\/produit\/formule-tentation\/","title":{"rendered":"Formule Tentation"},"content":{"rendered":"<p style=\"text-align: center;\">Plateau de fruits de Mer Royal<br \/>\n<em>(Hu\u00eetres, amandes, clams, praires, palourdes, bulots, bigorneaux, crevettes roses et royales et 1 homard)<\/em><br \/>\nKougelhopf glac\u00e9 au Marc de Gewurztraminer<\/p>\n<p style=\"text-align: center;\"><strong>Ou<\/strong><\/p>\n<p style=\"text-align: center;\">Foie gras de canard \u00e0 la gel\u00e9e de muscat<\/p>\n<p style=\"text-align: center;\">****<\/p>\n<p style=\"text-align: center;\">Dos de cabillaud poch\u00e9, sauce citron vert<\/p>\n<p style=\"text-align: center;\">****<\/p>\n<p style=\"text-align: center;\">Contre-filet de b\u0153uf, sauce foresti\u00e8re<\/p>\n<p style=\"text-align: center;\">****<\/p>\n<p style=\"text-align: center;\">Dessert de notre chef p\u00e2tissier<\/p>\n<p style=\"text-align: center;\">Les produits du menu sont susceptibles de changer en fonction de l&#8217;arrivage<\/p>\n","protected":false},"excerpt":{"rendered":"<p>Plateau de fruits de Mer Royal (Hu\u00eetres, amandes, clams, praires, palourdes, bulots, bigorneaux, crevettes roses et royales et 1 homard) Kougelhopf glac\u00e9 au Marc de Gewurztraminer Ou Foie gras de canard \u00e0 la gel\u00e9e de muscat **** Dos de cabillaud poch\u00e9, sauce citron vert **** Contre-filet de b\u0153uf, sauce foresti\u00e8re **** Dessert de notre chef [&hellip;]<\/p>\n","protected":false},"featured_media":424,"template":"","meta":{"_acf_changed":false},"product_brand":[],"product_cat":[62,63],"product_tag":[61,60],"class_list":{"0":"post-343","1":"product","2":"type-product","3":"status-publish","4":"has-post-thumbnail","6":"product_cat-formules","7":"product_cat-offrir","8":"product_tag-bon-cadeau","9":"product_tag-offrir","11":"first","12":"instock","13":"sold-individually","14":"purchasable","15":"product-type-variable"},"acf":[],"_links":{"self":[{"href":"https:\/\/aupontdelill.com\/de\/wp-json\/wp\/v2\/product\/343","targetHints":{"allow":["GET"]}}],"collection":[{"href":"https:\/\/aupontdelill.com\/de\/wp-json\/wp\/v2\/product"}],"about":[{"href":"https:\/\/aupontdelill.com\/de\/wp-json\/wp\/v2\/types\/product"}],"wp:featuredmedia":[{"embeddable":true,"href":"https:\/\/aupontdelill.com\/de\/wp-json\/wp\/v2\/media\/424"}],"wp:attachment":[{"href":"https:\/\/aupontdelill.com\/de\/wp-json\/wp\/v2\/media?parent=343"}],"wp:term":[{"taxonomy":"product_brand","embeddable":true,"href":"https:\/\/aupontdelill.com\/de\/wp-json\/wp\/v2\/product_brand?post=343"},{"taxonomy":"product_cat","embeddable":true,"href":"https:\/\/aupontdelill.com\/de\/wp-json\/wp\/v2\/product_cat?post=343"},{"taxonomy":"product_tag","embeddable":true,"href":"https:\/\/aupontdelill.com\/de\/wp-json\/wp\/v2\/product_tag?post=343"}],"curies":[{"name":"wp","href":"https:\/\/api.w.org\/{rel}","templated":true}]}}