{"id":16274,"date":"2026-04-27T14:10:41","date_gmt":"2026-04-27T12:10:41","guid":{"rendered":"https:\/\/aupontdelill.com\/impressum\/"},"modified":"2026-04-27T14:10:43","modified_gmt":"2026-04-27T12:10:43","slug":"impressum","status":"publish","type":"page","link":"https:\/\/aupontdelill.com\/de\/impressum\/","title":{"rendered":"Impressum"},"content":{"rendered":"\t\t<div data-elementor-type=\"wp-page\" data-elementor-id=\"16274\" class=\"elementor elementor-16274 elementor-16235\" data-elementor-settings=\"{&quot;element_pack_global_tooltip_width&quot;:{&quot;unit&quot;:&quot;px&quot;,&quot;size&quot;:&quot;&quot;,&quot;sizes&quot;:[]},&quot;element_pack_global_tooltip_width_tablet&quot;:{&quot;unit&quot;:&quot;px&quot;,&quot;size&quot;:&quot;&quot;,&quot;sizes&quot;:[]},&quot;element_pack_global_tooltip_width_mobile&quot;:{&quot;unit&quot;:&quot;px&quot;,&quot;size&quot;:&quot;&quot;,&quot;sizes&quot;:[]},&quot;element_pack_global_tooltip_padding&quot;:{&quot;unit&quot;:&quot;px&quot;,&quot;top&quot;:&quot;&quot;,&quot;right&quot;:&quot;&quot;,&quot;bottom&quot;:&quot;&quot;,&quot;left&quot;:&quot;&quot;,&quot;isLinked&quot;:true},&quot;element_pack_global_tooltip_padding_tablet&quot;:{&quot;unit&quot;:&quot;px&quot;,&quot;top&quot;:&quot;&quot;,&quot;right&quot;:&quot;&quot;,&quot;bottom&quot;:&quot;&quot;,&quot;left&quot;:&quot;&quot;,&quot;isLinked&quot;:true},&quot;element_pack_global_tooltip_padding_mobile&quot;:{&quot;unit&quot;:&quot;px&quot;,&quot;top&quot;:&quot;&quot;,&quot;right&quot;:&quot;&quot;,&quot;bottom&quot;:&quot;&quot;,&quot;left&quot;:&quot;&quot;,&quot;isLinked&quot;:true},&quot;element_pack_global_tooltip_border_radius&quot;:{&quot;unit&quot;:&quot;px&quot;,&quot;top&quot;:&quot;&quot;,&quot;right&quot;:&quot;&quot;,&quot;bottom&quot;:&quot;&quot;,&quot;left&quot;:&quot;&quot;,&quot;isLinked&quot;:true},&quot;element_pack_global_tooltip_border_radius_tablet&quot;:{&quot;unit&quot;:&quot;px&quot;,&quot;top&quot;:&quot;&quot;,&quot;right&quot;:&quot;&quot;,&quot;bottom&quot;:&quot;&quot;,&quot;left&quot;:&quot;&quot;,&quot;isLinked&quot;:true},&quot;element_pack_global_tooltip_border_radius_mobile&quot;:{&quot;unit&quot;:&quot;px&quot;,&quot;top&quot;:&quot;&quot;,&quot;right&quot;:&quot;&quot;,&quot;bottom&quot;:&quot;&quot;,&quot;left&quot;:&quot;&quot;,&quot;isLinked&quot;:true}}\" data-elementor-post-type=\"page\">\n\t\t\t\t\t\t<section data-dce-background-overlay-image-url=\"https:\/\/aupontdelill.com\/wp-content\/uploads\/2020\/11\/bg-header-poissons.png\" class=\"elementor-section elementor-top-section elementor-element elementor-element-57407baf elementor-section-height-min-height elementor-section-boxed elementor-section-height-default elementor-section-items-middle\" data-id=\"57407baf\" data-element_type=\"section\" data-e-type=\"section\" data-settings=\"{&quot;background_background&quot;:&quot;classic&quot;,&quot;shape_divider_bottom&quot;:&quot;wave-brush&quot;}\">\n\t\t\t\t\t\t\t<div class=\"elementor-background-overlay\"><\/div>\n\t\t\t\t\t\t<div class=\"elementor-shape elementor-shape-bottom\" aria-hidden=\"true\" data-negative=\"false\">\n\t\t\t<svg xmlns=\"http:\/\/www.w3.org\/2000\/svg\" viewBox=\"0 0 283.5 27.8\" preserveAspectRatio=\"none\">\n\t<path class=\"elementor-shape-fill\" d=\"M283.5,9.7c0,0-7.3,4.3-14,4.6c-6.8,0.3-12.6,0-20.9-1.5c-11.3-2-33.1-10.1-44.7-5.7\ts-12.1,4.6-18,7.4c-6.6,3.2-20,9.6-36.6,9.3C131.6,23.5,99.5,7.2,86.3,8c-1.4,0.1-6.6,0.8-10.5,2c-3.8,1.2-9.4,3.8-17,4.7\tc-3.2,0.4-8.3,1.1-14.2,0.9c-1.5-0.1-6.3-0.4-12-1.6c-5.7-1.2-11-3.1-15.8-3.7C6.5,9.2,0,10.8,0,10.8V0h283.5V9.7z M260.8,11.3\tc-0.7-1-2-0.4-4.3-0.4c-2.3,0-6.1-1.2-5.8-1.1c0.3,0.1,3.1,1.5,6,1.9C259.7,12.2,261.4,12.3,260.8,11.3z M242.4,8.6\tc0,0-2.4-0.2-5.6-0.9c-3.2-0.8-10.3-2.8-15.1-3.5c-8.2-1.1-15.8,0-15.1,0.1c0.8,0.1,9.6-0.6,17.6,1.1c3.3,0.7,9.3,2.2,12.4,2.7\tC239.9,8.7,242.4,8.6,242.4,8.6z M185.2,8.5c1.7-0.7-13.3,4.7-18.5,6.1c-2.1,0.6-6.2,1.6-10,2c-3.9,0.4-8.9,0.4-8.8,0.5\tc0,0.2,5.8,0.8,11.2,0c5.4-0.8,5.2-1.1,7.6-1.6C170.5,14.7,183.5,9.2,185.2,8.5z M199.1,6.9c0.2,0-0.8-0.4-4.8,1.1\tc-4,1.5-6.7,3.5-6.9,3.7c-0.2,0.1,3.5-1.8,6.6-3C197,7.5,199,6.9,199.1,6.9z M283,6c-0.1,0.1-1.9,1.1-4.8,2.5s-6.9,2.8-6.7,2.7\tc0.2,0,3.5-0.6,7.4-2.5C282.8,6.8,283.1,5.9,283,6z M31.3,11.6c0.1-0.2-1.9-0.2-4.5-1.2s-5.4-1.6-7.8-2C15,7.6,7.3,8.5,7.7,8.6\tC8,8.7,15.9,8.3,20.2,9.3c2.2,0.5,2.4,0.5,5.7,1.6S31.2,11.9,31.3,11.6z M73,9.2c0.4-0.1,3.5-1.6,8.4-2.6c4.9-1.1,8.9-0.5,8.9-0.8\tc0-0.3-1-0.9-6.2-0.3S72.6,9.3,73,9.2z M71.6,6.7C71.8,6.8,75,5.4,77.3,5c2.3-0.3,1.9-0.5,1.9-0.6c0-0.1-1.1-0.2-2.7,0.2\tC74.8,5.1,71.4,6.6,71.6,6.7z M93.6,4.4c0.1,0.2,3.5,0.8,5.6,1.8c2.1,1,1.8,0.6,1.9,0.5c0.1-0.1-0.8-0.8-2.4-1.3\tC97.1,4.8,93.5,4.2,93.6,4.4z M65.4,11.1c-0.1,0.3,0.3,0.5,1.9-0.2s2.6-1.3,2.2-1.2s-0.9,0.4-2.5,0.8C65.3,10.9,65.5,10.8,65.4,11.1\tz M34.5,12.4c-0.2,0,2.1,0.8,3.3,0.9c1.2,0.1,2,0.1,2-0.2c0-0.3-0.1-0.5-1.6-0.4C36.6,12.8,34.7,12.4,34.5,12.4z M152.2,21.1\tc-0.1,0.1-2.4-0.3-7.5-0.3c-5,0-13.6-2.4-17.2-3.5c-3.6-1.1,10,3.9,16.5,4.1C150.5,21.6,152.3,21,152.2,21.1z\"\/>\n\t<path class=\"elementor-shape-fill\" d=\"M269.6,18c-0.1-0.1-4.6,0.3-7.2,0c-7.3-0.7-17-3.2-16.6-2.9c0.4,0.3,13.7,3.1,17,3.3\tC267.7,18.8,269.7,18,269.6,18z\"\/>\n\t<path class=\"elementor-shape-fill\" d=\"M227.4,9.8c-0.2-0.1-4.5-1-9.5-1.2c-5-0.2-12.7,0.6-12.3,0.5c0.3-0.1,5.9-1.8,13.3-1.2\tS227.6,9.9,227.4,9.8z\"\/>\n\t<path class=\"elementor-shape-fill\" d=\"M204.5,13.4c-0.1-0.1,2-1,3.2-1.1c1.2-0.1,2,0,2,0.3c0,0.3-0.1,0.5-1.6,0.4\tC206.4,12.9,204.6,13.5,204.5,13.4z\"\/>\n\t<path class=\"elementor-shape-fill\" d=\"M201,10.6c0-0.1-4.4,1.2-6.3,2.2c-1.9,0.9-6.2,3.1-6.1,3.1c0.1,0.1,4.2-1.6,6.3-2.6\tS201,10.7,201,10.6z\"\/>\n\t<path class=\"elementor-shape-fill\" d=\"M154.5,26.7c-0.1-0.1-4.6,0.3-7.2,0c-7.3-0.7-17-3.2-16.6-2.9c0.4,0.3,13.7,3.1,17,3.3\tC152.6,27.5,154.6,26.8,154.5,26.7z\"\/>\n\t<path class=\"elementor-shape-fill\" d=\"M41.9,19.3c0,0,1.2-0.3,2.9-0.1c1.7,0.2,5.8,0.9,8.2,0.7c4.2-0.4,7.4-2.7,7-2.6\tc-0.4,0-4.3,2.2-8.6,1.9c-1.8-0.1-5.1-0.5-6.7-0.4S41.9,19.3,41.9,19.3z\"\/>\n\t<path class=\"elementor-shape-fill\" d=\"M75.5,12.6c0.2,0.1,2-0.8,4.3-1.1c2.3-0.2,2.1-0.3,2.1-0.5c0-0.1-1.8-0.4-3.4,0\tC76.9,11.5,75.3,12.5,75.5,12.6z\"\/>\n\t<path class=\"elementor-shape-fill\" d=\"M15.6,13.2c0-0.1,4.3,0,6.7,0.5c2.4,0.5,5,1.9,5,2c0,0.1-2.7-0.8-5.1-1.4\tC19.9,13.7,15.7,13.3,15.6,13.2z\"\/>\n<\/svg>\t\t<\/div>\n\t\t\t\t\t<div class=\"elementor-container elementor-column-gap-default\">\n\t\t\t\t\t<div class=\"elementor-column elementor-col-100 elementor-top-column elementor-element elementor-element-8d4b8b1\" data-id=\"8d4b8b1\" data-element_type=\"column\" data-e-type=\"column\">\n\t\t\t<div class=\"elementor-widget-wrap elementor-element-populated\">\n\t\t\t\t\t\t<div class=\"elementor-element elementor-element-3743872 elementor-widget elementor-widget-heading\" data-id=\"3743872\" data-element_type=\"widget\" data-e-type=\"widget\" data-widget_type=\"heading.default\">\n\t\t\t\t<div class=\"elementor-widget-container\">\n\t\t\t\t\t<h1 class=\"elementor-heading-title elementor-size-default\">Impressum<\/h1>\t\t\t\t<\/div>\n\t\t\t\t<\/div>\n\t\t\t\t\t<\/div>\n\t\t<\/div>\n\t\t\t\t\t<\/div>\n\t\t<\/section>\n\t\t<div class=\"elementor-element elementor-element-18a4f9ba e-flex e-con-boxed e-con e-parent\" data-id=\"18a4f9ba\" data-element_type=\"container\" data-e-type=\"container\">\n\t\t\t\t\t<div class=\"e-con-inner\">\n\t\t<div class=\"elementor-element elementor-element-64872a6c e-con-full e-flex e-con e-child\" data-id=\"64872a6c\" data-element_type=\"container\" data-e-type=\"container\">\n\t\t\t\t<div class=\"elementor-element elementor-element-46ba6c9e elementor-widget elementor-widget-heading\" data-id=\"46ba6c9e\" data-element_type=\"widget\" data-e-type=\"widget\" data-widget_type=\"heading.default\">\n\t\t\t\t<div class=\"elementor-widget-container\">\n\t\t\t\t\t<h2 class=\"elementor-heading-title elementor-size-default\">Identit\u00e4t des Website-Herausgebers<\/h2>\t\t\t\t<\/div>\n\t\t\t\t<\/div>\n\t\t\t\t<div class=\"elementor-element elementor-element-3d61f2d5 elementor-widget elementor-widget-text-editor\" data-id=\"3d61f2d5\" data-element_type=\"widget\" data-e-type=\"widget\" data-widget_type=\"text-editor.default\">\n\t\t\t\t<div class=\"elementor-widget-container\">\n\t\t\t\t\t\t\t\t\t<p data-start=\"399\" data-end=\"480\"><strong data-start=\"399\" data-end=\"419\">Au Pont de l\u2019Ill<\/strong><br data-start=\"419\" data-end=\"422\" \/>2 rue du G\u00e9n\u00e9ral Leclerc<br data-start=\"446\" data-end=\"449\" \/>67610 La Wantzenau<br data-start=\"467\" data-end=\"470\" \/>Frankreich<\/p>\n<p><\/p>\n<p data-start=\"482\" data-end=\"551\">Telefon: <strong data-start=\"491\" data-end=\"515\">+33 (0)3 88 96 29 44<\/strong><br data-start=\"515\" data-end=\"518\" \/>E-Mail: <strong data-start=\"526\" data-end=\"551\"><a class=\"decorated-link cursor-pointer\" rel=\"noopener\" data-start=\"528\" data-end=\"549\">info@aupontdelill.com<\/a><\/strong><\/p>\n<p><\/p>\n<p data-start=\"553\" data-end=\"726\">SIRET: <strong data-start=\"560\" data-end=\"581\">347 593 949 00014<\/strong><br data-start=\"581\" data-end=\"584\" \/>Gerichtsstand: <strong data-start=\"599\" data-end=\"613\">Strasbourg<\/strong><br data-start=\"613\" data-end=\"616\" \/>Umsatzsteuer-Identifikationsnummer: <strong data-start=\"652\" data-end=\"669\">FR43347593949<\/strong><br data-start=\"669\" data-end=\"672\" \/>Gesch\u00e4ftsf\u00fchrung: <strong data-start=\"690\" data-end=\"726\">Lucas DAULL und Alexandre CLAUSS<\/strong><\/p>\n\t\t\t\t\t\t\t\t<\/div>\n\t\t\t\t<\/div>\n\t\t\t\t<\/div>\n\t\t<div class=\"elementor-element elementor-element-1278c614 e-con-full e-flex e-con e-child\" data-id=\"1278c614\" data-element_type=\"container\" data-e-type=\"container\">\n\t\t\t\t<div class=\"elementor-element elementor-element-43cec698 elementor-widget elementor-widget-heading\" data-id=\"43cec698\" data-element_type=\"widget\" data-e-type=\"widget\" data-widget_type=\"heading.default\">\n\t\t\t\t<div class=\"elementor-widget-container\">\n\t\t\t\t\t<h3 class=\"elementor-heading-title elementor-size-default\">Verantwortlicher f\u00fcr die Ver\u00f6ffentlichung<\/h3>\t\t\t\t<\/div>\n\t\t\t\t<\/div>\n\t\t\t\t<div class=\"elementor-element elementor-element-665f639d elementor-widget elementor-widget-text-editor\" data-id=\"665f639d\" data-element_type=\"widget\" data-e-type=\"widget\" data-widget_type=\"text-editor.default\">\n\t\t\t\t<div class=\"elementor-widget-container\">\n\t\t\t\t\t\t\t\t\t<p>Verantwortlicher f\u00fcr die Ver\u00f6ffentlichung ist <strong data-start=\"820\" data-end=\"840\">Alexandre CLAUSS<\/strong>.<\/p>\n\t\t\t\t\t\t\t\t<\/div>\n\t\t\t\t<\/div>\n\t\t\t\t<div class=\"elementor-element elementor-element-4294cf6 elementor-widget elementor-widget-heading\" data-id=\"4294cf6\" data-element_type=\"widget\" data-e-type=\"widget\" data-widget_type=\"heading.default\">\n\t\t\t\t<div class=\"elementor-widget-container\">\n\t\t\t\t\t<h3 class=\"elementor-heading-title elementor-size-default\">Design und Erstellung<\/h3>\t\t\t\t<\/div>\n\t\t\t\t<\/div>\n\t\t\t\t<div class=\"elementor-element elementor-element-3a77d259 elementor-widget elementor-widget-text-editor\" data-id=\"3a77d259\" data-element_type=\"widget\" data-e-type=\"widget\" data-widget_type=\"text-editor.default\">\n\t\t\t\t<div class=\"elementor-widget-container\">\n\t\t\t\t\t\t\t\t\t<p>Diese Website wurde von der IT- und Webdesign-Agentur <strong data-start=\"923\" data-end=\"934\">Gclick\u00e9<\/strong> erstellt.<\/p>\n\t\t\t\t\t\t\t\t<\/div>\n\t\t\t\t<\/div>\n\t\t\t\t<div class=\"elementor-element elementor-element-44c0fe69 elementor-widget elementor-widget-heading\" data-id=\"44c0fe69\" data-element_type=\"widget\" data-e-type=\"widget\" data-widget_type=\"heading.default\">\n\t\t\t\t<div class=\"elementor-widget-container\">\n\t\t\t\t\t<h3 class=\"elementor-heading-title elementor-size-default\">Hosting<\/h3>\t\t\t\t<\/div>\n\t\t\t\t<\/div>\n\t\t\t\t<div class=\"elementor-element elementor-element-79583212 elementor-widget elementor-widget-text-editor\" data-id=\"79583212\" data-element_type=\"widget\" data-e-type=\"widget\" data-widget_type=\"text-editor.default\">\n\t\t\t\t<div class=\"elementor-widget-container\">\n\t\t\t\t\t\t\t\t\t<p data-start=\"958\" data-end=\"1015\">Diese Website wird von der Gesellschaft <strong data-start=\"998\" data-end=\"1005\">OVH<\/strong> gehostet.<\/p>\n<p><\/p>\n<p data-start=\"1017\" data-end=\"1284\"><strong data-start=\"1017\" data-end=\"1028\">OVH SAS<\/strong><br data-start=\"1028\" data-end=\"1031\" \/>SAS mit einem Kapital von <strong data-start=\"1057\" data-end=\"1073\">10.174.560 \u20ac<\/strong><br data-start=\"1073\" data-end=\"1076\" \/>Sitz: <strong data-start=\"1082\" data-end=\"1129\">2 rue Kellermann, 59100 Roubaix, Frankreich<\/strong><br data-start=\"1129\" data-end=\"1132\" \/>Eingetragen im Handels- und Gesellschaftsregister von Lille M\u00e9tropole unter der Nummer <strong data-start=\"1219\" data-end=\"1240\">424 761 419 00045<\/strong><br data-start=\"1240\" data-end=\"1243\" \/>Gesetzlicher Vertreter: <strong data-start=\"1267\" data-end=\"1284\">Michel Paulin<\/strong><\/p>\n\t\t\t\t\t\t\t\t<\/div>\n\t\t\t\t<\/div>\n\t\t\t\t<\/div>\n\t\t\t\t\t<\/div>\n\t\t\t\t<\/div>\n\t\t<div class=\"elementor-element elementor-element-68c3fca2 e-flex e-con-boxed e-con e-parent\" data-id=\"68c3fca2\" data-element_type=\"container\" data-e-type=\"container\">\n\t\t\t\t\t<div class=\"e-con-inner\">\n\t\t<div class=\"elementor-element elementor-element-60b66dbc e-con-full e-flex e-con e-child\" data-id=\"60b66dbc\" data-element_type=\"container\" data-e-type=\"container\">\n\t\t\t\t<div class=\"elementor-element elementor-element-306ce200 elementor-widget elementor-widget-heading\" data-id=\"306ce200\" data-element_type=\"widget\" data-e-type=\"widget\" data-widget_type=\"heading.default\">\n\t\t\t\t<div class=\"elementor-widget-container\">\n\t\t\t\t\t<h2 class=\"elementor-heading-title elementor-size-default\">Schutz personenbezogener Daten<\/h2>\t\t\t\t<\/div>\n\t\t\t\t<\/div>\n\t\t\t\t<div class=\"elementor-element elementor-element-2f6c8e94 elementor-widget elementor-widget-text-editor\" data-id=\"2f6c8e94\" data-element_type=\"widget\" data-e-type=\"widget\" data-widget_type=\"text-editor.default\">\n\t\t\t\t<div class=\"elementor-widget-container\">\n\t\t\t\t\t\t\t\t\t<p data-start=\"1321\" data-end=\"1450\">Die auf dieser Website erhobenen personenbezogenen Daten sind ausschlie\u00dflich f\u00fcr die Nutzung durch <strong data-start=\"1420\" data-end=\"1440\">Au Pont de l\u2019Ill<\/strong> bestimmt.<\/p>\n<p><\/p>\n<p data-start=\"1452\" data-end=\"1721\">Gem\u00e4\u00df den geltenden Vorschriften zum Schutz personenbezogener Daten, insbesondere der Datenschutz-Grundverordnung (DSGVO), haben Sie ein Recht auf Auskunft, Berichtigung, L\u00f6schung, Einschr\u00e4nkung und Widerspruch hinsichtlich der Sie betreffenden personenbezogenen Daten.<\/p>\n<p><\/p>\n<p data-start=\"1723\" data-end=\"1802\">Zur Aus\u00fcbung dieser Rechte k\u00f6nnen Sie uns unter folgender Adresse kontaktieren:<\/p>\n<p><\/p>\n<p data-start=\"1804\" data-end=\"1829\"><strong data-start=\"1804\" data-end=\"1829\"><a class=\"decorated-link cursor-pointer\" rel=\"noopener\" data-start=\"1806\" data-end=\"1827\">info@aupontdelill.com<\/a><\/strong><\/p>\n<p><\/p>\n<p data-start=\"1831\" data-end=\"1961\">Weitere Informationen zur Verarbeitung personenbezogener Daten finden Sie in der auf der Website verf\u00fcgbaren Datenschutzerkl\u00e4rung.<\/p>\n\t\t\t\t\t\t\t\t<\/div>\n\t\t\t\t<\/div>\n\t\t\t\t<div class=\"elementor-element elementor-element-7f77d608 elementor-widget elementor-widget-heading\" data-id=\"7f77d608\" data-element_type=\"widget\" data-e-type=\"widget\" data-widget_type=\"heading.default\">\n\t\t\t\t<div class=\"elementor-widget-container\">\n\t\t\t\t\t<h2 class=\"elementor-heading-title elementor-size-default\">Geistiges Eigentum<\/h2>\t\t\t\t<\/div>\n\t\t\t\t<\/div>\n\t\t\t\t<div class=\"elementor-element elementor-element-3dd818be elementor-widget elementor-widget-text-editor\" data-id=\"3dd818be\" data-element_type=\"widget\" data-e-type=\"widget\" data-widget_type=\"text-editor.default\">\n\t\t\t\t<div class=\"elementor-widget-container\">\n\t\t\t\t\t\t\t\t\t<p data-start=\"1986\" data-end=\"2196\">Der Inhalt dieser Website, insbesondere Texte, Bilder, Grafiken, Logos, Symbole, Fotografien, Men\u00fcs und sonstige visuelle oder redaktionelle Elemente, ist Eigentum von <strong data-start=\"2154\" data-end=\"2174\">Au Pont de l\u2019Ill<\/strong> oder seinen Partnern.<\/p>\n<p><\/p>\n<p data-start=\"2198\" data-end=\"2466\">Jede Vervielf\u00e4ltigung, Darstellung, \u00c4nderung, Ver\u00f6ffentlichung, \u00dcbertragung oder Verf\u00e4lschung dieser Website oder ihres Inhalts, ganz oder teilweise, unabh\u00e4ngig vom Verfahren oder Medium, ist ohne ausdr\u00fcckliche vorherige Genehmigung von <strong data-start=\"2435\" data-end=\"2455\">Au Pont de l\u2019Ill<\/strong> untersagt.<\/p>\n\t\t\t\t\t\t\t\t<\/div>\n\t\t\t\t<\/div>\n\t\t\t\t<div class=\"elementor-element elementor-element-41568a33 elementor-widget elementor-widget-heading\" data-id=\"41568a33\" data-element_type=\"widget\" data-e-type=\"widget\" data-widget_type=\"heading.default\">\n\t\t\t\t<div class=\"elementor-widget-container\">\n\t\t\t\t\t<h2 class=\"elementor-heading-title elementor-size-default\">HaftungHaftung<\/h2>\t\t\t\t<\/div>\n\t\t\t\t<\/div>\n\t\t\t\t<div class=\"elementor-element elementor-element-5850e01a elementor-widget elementor-widget-text-editor\" data-id=\"5850e01a\" data-element_type=\"widget\" data-e-type=\"widget\" data-widget_type=\"text-editor.default\">\n\t\t\t\t<div class=\"elementor-widget-container\">\n\t\t\t\t\t\t\t\t\t<p data-start=\"2480\" data-end=\"2605\"><strong data-start=\"2480\" data-end=\"2500\">Au Pont de l\u2019Ill<\/strong> kann nicht f\u00fcr die Nutzung der auf dieser Website ver\u00f6ffentlichten Informationen haftbar gemacht werden.<\/p>\n<p><\/p>\n<p data-start=\"2607\" data-end=\"2740\">Die Inhalte dieser Website dienen ausschlie\u00dflich Informationszwecken und k\u00f6nnen jederzeit ohne vorherige Ank\u00fcndigung ge\u00e4ndert werden.<\/p>\n<p><\/p>\n<p data-start=\"2742\" data-end=\"2921\">Trotz gr\u00f6\u00dfter Sorgfalt bei der Aktualisierung der Informationen kann <strong data-start=\"2811\" data-end=\"2831\">Au Pont de l\u2019Ill<\/strong> nicht garantieren, dass alle Inhalte jederzeit vollst\u00e4ndig, aktuell oder fehlerfrei sind.<\/p>\n\t\t\t\t\t\t\t\t<\/div>\n\t\t\t\t<\/div>\n\t\t\t\t<div class=\"elementor-element elementor-element-395c9049 elementor-widget elementor-widget-heading\" data-id=\"395c9049\" data-element_type=\"widget\" data-e-type=\"widget\" data-widget_type=\"heading.default\">\n\t\t\t\t<div class=\"elementor-widget-container\">\n\t\t\t\t\t<h2 class=\"elementor-heading-title elementor-size-default\">Anwendbares Recht<\/h2>\t\t\t\t<\/div>\n\t\t\t\t<\/div>\n\t\t\t\t<div class=\"elementor-element elementor-element-78d1160c elementor-widget elementor-widget-text-editor\" data-id=\"78d1160c\" data-element_type=\"widget\" data-e-type=\"widget\" data-widget_type=\"text-editor.default\">\n\t\t\t\t<div class=\"elementor-widget-container\">\n\t\t\t\t\t\t\t\t\t<p data-start=\"2945\" data-end=\"2990\">Diese Website unterliegt franz\u00f6sischem Recht.<\/p>\n<p><\/p>\n<p data-start=\"2992\" data-end=\"3083\">Diese rechtlichen Hinweise k\u00f6nnen jederzeit und ohne vorherige Ank\u00fcndigung ge\u00e4ndert werden.<\/p>\n<p><\/p>\n<p data-start=\"3085\" data-end=\"3122\"><strong data-start=\"3085\" data-end=\"3122\">Letzte Aktualisierung: April 2026<\/strong><\/p>\n\t\t\t\t\t\t\t\t<\/div>\n\t\t\t\t<\/div>\n\t\t\t\t<\/div>\n\t\t\t\t\t<\/div>\n\t\t\t\t<\/div>\n\t\t\t\t<section class=\"elementor-section elementor-top-section elementor-element elementor-element-8068e02 elementor-section-boxed elementor-section-height-default elementor-section-height-default\" data-id=\"8068e02\" data-element_type=\"section\" data-e-type=\"section\">\n\t\t\t\t\t\t<div class=\"elementor-container elementor-column-gap-default\">\n\t\t\t\t\t<div class=\"elementor-column elementor-col-100 elementor-top-column elementor-element elementor-element-373179c0\" data-id=\"373179c0\" data-element_type=\"column\" data-e-type=\"column\">\n\t\t\t<div class=\"elementor-widget-wrap elementor-element-populated\">\n\t\t\t\t\t\t<div class=\"elementor-element elementor-element-5452aa32 elementor-align-center elementor-widget elementor-widget-button\" data-id=\"5452aa32\" data-element_type=\"widget\" data-e-type=\"widget\" data-widget_type=\"button.default\">\n\t\t\t\t<div class=\"elementor-widget-container\">\n\t\t\t\t\t\t\t\t\t<div class=\"elementor-button-wrapper\">\n\t\t\t\t\t<a class=\"elementor-button elementor-button-link elementor-size-xs\" href=\"https:\/\/aupontdelill.com\/de\/politique-de-confidentialite\/\">\n\t\t\t\t\t\t<span class=\"elementor-button-content-wrapper\">\n\t\t\t\t\t\t\t\t\t<span class=\"elementor-button-text\">Datenschutzerkl\u00e4rung einsehen<\/span>\n\t\t\t\t\t<\/span>\n\t\t\t\t\t<\/a>\n\t\t\t\t<\/div>\n\t\t\t\t\t\t\t\t<\/div>\n\t\t\t\t<\/div>\n\t\t\t\t\t<\/div>\n\t\t<\/div>\n\t\t\t\t\t<\/div>\n\t\t<\/section>\n\t\t\t\t<\/div>\n\t\t","protected":false},"excerpt":{"rendered":"<p>Identit\u00e4t des Website-Herausgebers Au Pont de l\u2019Ill2 rue du G\u00e9n\u00e9ral Leclerc67610 La WantzenauFrankreich Telefon: +33 (0)3 88 96 29 44E-Mail: info@aupontdelill.com SIRET: 347 593 949 00014Gerichtsstand: StrasbourgUmsatzsteuer-Identifikationsnummer: FR43347593949Gesch\u00e4ftsf\u00fchrung: Lucas DAULL und Alexandre CLAUSS Verantwortlicher f\u00fcr die Ver\u00f6ffentlichung Verantwortlicher f\u00fcr die Ver\u00f6ffentlichung ist Alexandre CLAUSS. Design und Erstellung Diese Website wurde von der IT- und Webdesign-Agentur [&hellip;]<\/p>\n","protected":false},"author":2,"featured_media":0,"parent":0,"menu_order":0,"comment_status":"closed","ping_status":"closed","template":"","meta":{"_acf_changed":false,"footnotes":""},"class_list":["post-16274","page","type-page","status-publish","hentry"],"acf":[],"_links":{"self":[{"href":"https:\/\/aupontdelill.com\/de\/wp-json\/wp\/v2\/pages\/16274","targetHints":{"allow":["GET"]}}],"collection":[{"href":"https:\/\/aupontdelill.com\/de\/wp-json\/wp\/v2\/pages"}],"about":[{"href":"https:\/\/aupontdelill.com\/de\/wp-json\/wp\/v2\/types\/page"}],"author":[{"embeddable":true,"href":"https:\/\/aupontdelill.com\/de\/wp-json\/wp\/v2\/users\/2"}],"replies":[{"embeddable":true,"href":"https:\/\/aupontdelill.com\/de\/wp-json\/wp\/v2\/comments?post=16274"}],"version-history":[{"count":1,"href":"https:\/\/aupontdelill.com\/de\/wp-json\/wp\/v2\/pages\/16274\/revisions"}],"predecessor-version":[{"id":16275,"href":"https:\/\/aupontdelill.com\/de\/wp-json\/wp\/v2\/pages\/16274\/revisions\/16275"}],"wp:attachment":[{"href":"https:\/\/aupontdelill.com\/de\/wp-json\/wp\/v2\/media?parent=16274"}],"curies":[{"name":"wp","href":"https:\/\/api.w.org\/{rel}","templated":true}]}}